{"id":2128,"date":"2024-10-14T11:24:12","date_gmt":"2024-10-14T11:24:12","guid":{"rendered":"https:\/\/www.worldofsupplements.eu\/?post_type=product&#038;p=2128"},"modified":"2025-04-07T15:35:52","modified_gmt":"2025-04-07T15:35:52","slug":"mtx-iflex-collagen-petides-bodybalance-300g-orange","status":"publish","type":"product","link":"https:\/\/wholesalesupplementscy.com\/el\/product\/mtx-iflex-collagen-petides-bodybalance-300g-orange\/","title":{"rendered":"MTX iFLEX COLLAGEN PETIDES BODYBALANCE 300g \u03a0\u03bf\u03c1\u03c4\u03bf\u03ba\u03b1\u03bb\u03af"},"content":{"rendered":"<p>IFLEX COLLAGEN PRO\u2122 by MTXsport is a high-tech PREMIUM joint supplement <span data-sheets-userformat=\"{&quot;2&quot;:14785,&quot;3&quot;:{&quot;1&quot;:0,&quot;3&quot;:1},&quot;9&quot;:1,&quot;10&quot;:1,&quot;11&quot;:0,&quot;14&quot;:{&quot;1&quot;:3,&quot;3&quot;:1},&quot;15&quot;:&quot;Calibri&quot;,&quot;16&quot;:11}\" data-sheets-value=\"{&quot;1&quot;:2,&quot;2&quot;:&quot;IFLEX BIOPERFORMANCE COLLAGEN Con mezcla de p\u00e9ptidos de col\u00e1geno y nutrientes de alta tecnolog\u00eda alimentaria, membrana de huevo en polvo, IFLEX de MTX Elite Sport mantiene la integridad y el correcto funcionamiento de las articulaciones, sirviendo incluso para regenerar el cartilago da\u00f1ado y contribuyendo a la reducci\u00f3n del dolor e inflamaci\u00f3n.&quot;}\">that provides a revolutionary matrix of advanced and patented ingredients with proven efficacy.\u00a0<\/span><\/p>\n<p><span data-sheets-userformat=\"{&quot;2&quot;:14785,&quot;3&quot;:{&quot;1&quot;:0,&quot;3&quot;:1},&quot;9&quot;:1,&quot;10&quot;:1,&quot;11&quot;:0,&quot;14&quot;:{&quot;1&quot;:3,&quot;3&quot;:1},&quot;15&quot;:&quot;Calibri&quot;,&quot;16&quot;:11}\" data-sheets-value=\"{&quot;1&quot;:2,&quot;2&quot;:&quot;IFLEX BIOPERFORMANCE COLLAGEN Con mezcla de p\u00e9ptidos de col\u00e1geno y nutrientes de alta tecnolog\u00eda alimentaria, membrana de huevo en polvo, IFLEX de MTX Elite Sport mantiene la integridad y el correcto funcionamiento de las articulaciones, sirviendo incluso para regenerar el cartilago da\u00f1ado y contribuyendo a la reducci\u00f3n del dolor e inflamaci\u00f3n.&quot;}\">IFLEX COLLAGEN PRO\u2122 substrates such as Bioactive Collagen Peptides &#8211;\u00a0<strong>Bodybalance\u00ae<\/strong>-, together with\u00a0<strong>Ovomet\u00ae<\/strong>\u00a0(egg membrane),\u00a0<strong>Glucosamine D-Sulphate 2KC *<\/strong>,\u00a0<strong>Chondroitin Sulfate (Marine)<\/strong>, Vitamin C, Vitamin D3, Vitamin K2, Vitamin B6, Folic Acid and Vitamin B12.<\/span><\/p>\n<p>LOW FAT LOW SUGAR\u00a0 LACTOSE FREE\u00a0 LOW SALT ASPARTAME FREE<\/p>\n<p>RECOMMENDED DAILY DOSE\u00a0 3 SCOOP(3.6g) IN 100ML WATER AND TAKE 3 TIMES A DAY<\/p>\n<p>&nbsp;<\/p>\n<p>&nbsp;<\/p>\n<p>&nbsp;<\/p>","protected":false},"excerpt":{"rendered":"<p>\u0388\u03bd\u03b1 \u03bc\u03b5\u03af\u03b3\u03bc\u03b1 \u03b8\u03c1\u03b5\u03c0\u03c4\u03b9\u03ba\u03ce\u03bd \u03c3\u03c5\u03c3\u03c4\u03b1\u03c4\u03b9\u03ba\u03ce\u03bd \u03c5\u03c8\u03b7\u03bb\u03ae\u03c2 \u03c4\u03b5\u03c7\u03bd\u03bf\u03bb\u03bf\u03b3\u03af\u03b1\u03c2 \u03c0\u03bf\u03c5 \u03b4\u03b9\u03b1\u03c4\u03b7\u03c1\u03b5\u03af \u03c4\u03b7\u03bd \u03b1\u03ba\u03b5\u03c1\u03b1\u03b9\u03cc\u03c4\u03b7\u03c4\u03b1 \u03ba\u03b1\u03b9 \u03c4\u03b7\u03bd \u03ba\u03b1\u03bb\u03ae \u03bb\u03b5\u03b9\u03c4\u03bf\u03c5\u03c1\u03b3\u03af\u03b1 \u03c4\u03c9\u03bd \u03b1\u03c1\u03b8\u03c1\u03ce\u03c3\u03b5\u03c9\u03bd, \u03b1\u03bd\u03b1\u03ba\u03bf\u03c5\u03c6\u03af\u03b6\u03b5\u03b9 \u03b1\u03c0\u03cc \u03c4\u03bf\u03bd \u03c0\u03cc\u03bd\u03bf \u03c3\u03c4\u03b9\u03c2 \u03b1\u03c1\u03b8\u03c1\u03ce\u03c3\u03b5\u03b9\u03c2 \u03ba\u03b1\u03b9 \u03b5\u03c0\u03b9\u03b2\u03c1\u03b1\u03b4\u03cd\u03bd\u03b5\u03b9 \u03c4\u03bf\u03bd \u03b5\u03ba\u03c6\u03c5\u03bb\u03b9\u03c3\u03bc\u03cc \u03c4\u03bf\u03c5 \u03c7\u03cc\u03bd\u03b4\u03c1\u03bf\u03c5 \u03c3\u03c4\u03b7\u03bd \u03bf\u03c3\u03c4\u03b5\u03bf\u03b1\u03c1\u03b8\u03c1\u03af\u03c4\u03b9\u03b4\u03b1 , \u03c0\u03c1\u03bf\u03c3\u03c4\u03b1\u03c4\u03b5\u03cd\u03b5\u03b9 \u03c4\u03b7\u03bd \u03b1\u03ba\u03b5\u03c1\u03b1\u03b9\u03cc\u03c4\u03b7\u03c4\u03b1 \u03c4\u03c9\u03bd \u03b1\u03c1\u03b8\u03c1\u03ce\u03c3\u03b5\u03c9\u03bd<\/p>","protected":false},"featured_media":2129,"template":"","meta":[],"product_cat":[85],"product_tag":[],"berocket_brand":[141],"class_list":{"0":"post-2128","1":"product","2":"type-product","3":"status-publish","4":"has-post-thumbnail","6":"product_cat-vitamins-minerals","7":"berocket_brand-mtx-spain","8":"description-off","10":"first","11":"outofstock","12":"shipping-taxable","13":"product-type-simple"},"yoast_head":"<!-- This site is optimized with the Yoast SEO plugin v24.0 - https:\/\/yoast.com\/wordpress\/plugins\/seo\/ -->\n<title>MTX iFLEX COLLAGEN PETIDES BODYBALANCE 300g  Orange - Wholesale Supplements Cy<\/title>\n<meta name=\"robots\" content=\"index, follow, max-snippet:-1, max-image-preview:large, max-video-preview:-1\" \/>\n<link rel=\"canonical\" href=\"https:\/\/wholesalesupplementscy.com\/el\/product\/mtx-iflex-collagen-petides-bodybalance-300g-orange\/\" \/>\n<meta property=\"og:locale\" content=\"el_GR\" \/>\n<meta property=\"og:type\" content=\"article\" \/>\n<meta property=\"og:title\" content=\"MTX iFLEX COLLAGEN PETIDES BODYBALANCE 300g  Orange - Wholesale Supplements Cy\" \/>\n<meta property=\"og:description\" content=\"A high-tech nutrient mix that maintains the integrity and proper functioning of the joints, alleviates joint pain and slows the degeneration of cartilage in osteoarthritis , protects joint integrity\" \/>\n<meta property=\"og:url\" content=\"https:\/\/wholesalesupplementscy.com\/el\/product\/mtx-iflex-collagen-petides-bodybalance-300g-orange\/\" \/>\n<meta property=\"og:site_name\" content=\"Wholesale Supplements Cy\" \/>\n<meta property=\"article:modified_time\" content=\"2025-04-07T15:35:52+00:00\" \/>\n<meta property=\"og:image\" content=\"https:\/\/wholesalesupplementscy.com\/wp-content\/uploads\/2024\/10\/I-FLEX-300G-1.jpg\" \/>\n\t<meta property=\"og:image:width\" content=\"1200\" \/>\n\t<meta property=\"og:image:height\" content=\"1200\" \/>\n\t<meta property=\"og:image:type\" content=\"image\/jpeg\" \/>\n<meta name=\"twitter:card\" content=\"summary_large_image\" \/>\n<meta name=\"twitter:label1\" content=\"\u0395\u03ba\u03c4\u03b9\u03bc\u03ce\u03bc\u03b5\u03bd\u03bf\u03c2 \u03c7\u03c1\u03cc\u03bd\u03bf\u03c2 \u03b1\u03bd\u03ac\u03b3\u03bd\u03c9\u03c3\u03b7\u03c2\" \/>\n\t<meta name=\"twitter:data1\" content=\"1 \u03bb\u03b5\u03c0\u03c4\u03cc\" \/>\n<script type=\"application\/ld+json\" class=\"yoast-schema-graph\">{\"@context\":\"https:\/\/schema.org\",\"@graph\":[{\"@type\":\"WebPage\",\"@id\":\"https:\/\/wholesalesupplementscy.com\/product\/mtx-iflex-collagen-petides-bodybalance-300g-orange\/\",\"url\":\"https:\/\/wholesalesupplementscy.com\/product\/mtx-iflex-collagen-petides-bodybalance-300g-orange\/\",\"name\":\"MTX iFLEX COLLAGEN PETIDES BODYBALANCE 300g Orange - Wholesale Supplements Cy\",\"isPartOf\":{\"@id\":\"https:\/\/wholesalesupplementscy.com\/#website\"},\"primaryImageOfPage\":{\"@id\":\"https:\/\/wholesalesupplementscy.com\/product\/mtx-iflex-collagen-petides-bodybalance-300g-orange\/#primaryimage\"},\"image\":{\"@id\":\"https:\/\/wholesalesupplementscy.com\/product\/mtx-iflex-collagen-petides-bodybalance-300g-orange\/#primaryimage\"},\"thumbnailUrl\":\"https:\/\/wholesalesupplementscy.com\/wp-content\/uploads\/2024\/10\/I-FLEX-300G-1.jpg\",\"datePublished\":\"2024-10-14T11:24:12+00:00\",\"dateModified\":\"2025-04-07T15:35:52+00:00\",\"breadcrumb\":{\"@id\":\"https:\/\/wholesalesupplementscy.com\/product\/mtx-iflex-collagen-petides-bodybalance-300g-orange\/#breadcrumb\"},\"inLanguage\":\"el\",\"potentialAction\":[{\"@type\":\"ReadAction\",\"target\":[\"https:\/\/wholesalesupplementscy.com\/product\/mtx-iflex-collagen-petides-bodybalance-300g-orange\/\"]}]},{\"@type\":\"ImageObject\",\"inLanguage\":\"el\",\"@id\":\"https:\/\/wholesalesupplementscy.com\/product\/mtx-iflex-collagen-petides-bodybalance-300g-orange\/#primaryimage\",\"url\":\"https:\/\/wholesalesupplementscy.com\/wp-content\/uploads\/2024\/10\/I-FLEX-300G-1.jpg\",\"contentUrl\":\"https:\/\/wholesalesupplementscy.com\/wp-content\/uploads\/2024\/10\/I-FLEX-300G-1.jpg\",\"width\":1200,\"height\":1200},{\"@type\":\"BreadcrumbList\",\"@id\":\"https:\/\/wholesalesupplementscy.com\/product\/mtx-iflex-collagen-petides-bodybalance-300g-orange\/#breadcrumb\",\"itemListElement\":[{\"@type\":\"ListItem\",\"position\":1,\"name\":\"Home\",\"item\":\"https:\/\/wholesalesupplementscy.com\/\"},{\"@type\":\"ListItem\",\"position\":2,\"name\":\"Products\",\"item\":\"https:\/\/wholesalesupplementscy.com\/shop\/\"},{\"@type\":\"ListItem\",\"position\":3,\"name\":\"MTX iFLEX COLLAGEN PETIDES BODYBALANCE 300g Orange\"}]},{\"@type\":\"WebSite\",\"@id\":\"https:\/\/wholesalesupplementscy.com\/#website\",\"url\":\"https:\/\/wholesalesupplementscy.com\/\",\"name\":\"World of Supplements CY\",\"description\":\"Protein, Vitamins, Amino, Fat burners\",\"publisher\":{\"@id\":\"https:\/\/wholesalesupplementscy.com\/#organization\"},\"potentialAction\":[{\"@type\":\"SearchAction\",\"target\":{\"@type\":\"EntryPoint\",\"urlTemplate\":\"https:\/\/wholesalesupplementscy.com\/?s={search_term_string}\"},\"query-input\":{\"@type\":\"PropertyValueSpecification\",\"valueRequired\":true,\"valueName\":\"search_term_string\"}}],\"inLanguage\":\"el\"},{\"@type\":\"Organization\",\"@id\":\"https:\/\/wholesalesupplementscy.com\/#organization\",\"name\":\"World of Supplements CY\",\"url\":\"https:\/\/wholesalesupplementscy.com\/\",\"logo\":{\"@type\":\"ImageObject\",\"inLanguage\":\"el\",\"@id\":\"https:\/\/wholesalesupplementscy.com\/#\/schema\/logo\/image\/\",\"url\":\"https:\/\/www.worldofsupplements.eu\/wp-content\/uploads\/2024\/04\/world-of-supplements-logo-dark.png\",\"contentUrl\":\"https:\/\/www.worldofsupplements.eu\/wp-content\/uploads\/2024\/04\/world-of-supplements-logo-dark.png\",\"width\":340,\"height\":104,\"caption\":\"World of Supplements CY\"},\"image\":{\"@id\":\"https:\/\/wholesalesupplementscy.com\/#\/schema\/logo\/image\/\"},\"sameAs\":[\"https:\/\/www.instagram.com\/worldofsupplements_cy_seller\/\"]}]}<\/script>\n<!-- \/ Yoast SEO plugin. -->","yoast_head_json":{"title":"MTX iFLEX COLLAGEN PETIDES BODYBALANCE 300g  Orange - Wholesale Supplements Cy","robots":{"index":"index","follow":"follow","max-snippet":"max-snippet:-1","max-image-preview":"max-image-preview:large","max-video-preview":"max-video-preview:-1"},"canonical":"https:\/\/wholesalesupplementscy.com\/el\/product\/mtx-iflex-collagen-petides-bodybalance-300g-orange\/","og_locale":"el_GR","og_type":"article","og_title":"MTX iFLEX COLLAGEN PETIDES BODYBALANCE 300g  Orange - Wholesale Supplements Cy","og_description":"A high-tech nutrient mix that maintains the integrity and proper functioning of the joints, alleviates joint pain and slows the degeneration of cartilage in osteoarthritis , protects joint integrity","og_url":"https:\/\/wholesalesupplementscy.com\/el\/product\/mtx-iflex-collagen-petides-bodybalance-300g-orange\/","og_site_name":"Wholesale Supplements Cy","article_modified_time":"2025-04-07T15:35:52+00:00","og_image":[{"width":1200,"height":1200,"url":"https:\/\/wholesalesupplementscy.com\/wp-content\/uploads\/2024\/10\/I-FLEX-300G-1.jpg","type":"image\/jpeg"}],"twitter_card":"summary_large_image","twitter_misc":{"\u0395\u03ba\u03c4\u03b9\u03bc\u03ce\u03bc\u03b5\u03bd\u03bf\u03c2 \u03c7\u03c1\u03cc\u03bd\u03bf\u03c2 \u03b1\u03bd\u03ac\u03b3\u03bd\u03c9\u03c3\u03b7\u03c2":"1 \u03bb\u03b5\u03c0\u03c4\u03cc"},"schema":{"@context":"https:\/\/schema.org","@graph":[{"@type":"WebPage","@id":"https:\/\/wholesalesupplementscy.com\/product\/mtx-iflex-collagen-petides-bodybalance-300g-orange\/","url":"https:\/\/wholesalesupplementscy.com\/product\/mtx-iflex-collagen-petides-bodybalance-300g-orange\/","name":"MTX iFLEX COLLAGEN PETIDES BODYBALANCE 300g Orange - Wholesale Supplements Cy","isPartOf":{"@id":"https:\/\/wholesalesupplementscy.com\/#website"},"primaryImageOfPage":{"@id":"https:\/\/wholesalesupplementscy.com\/product\/mtx-iflex-collagen-petides-bodybalance-300g-orange\/#primaryimage"},"image":{"@id":"https:\/\/wholesalesupplementscy.com\/product\/mtx-iflex-collagen-petides-bodybalance-300g-orange\/#primaryimage"},"thumbnailUrl":"https:\/\/wholesalesupplementscy.com\/wp-content\/uploads\/2024\/10\/I-FLEX-300G-1.jpg","datePublished":"2024-10-14T11:24:12+00:00","dateModified":"2025-04-07T15:35:52+00:00","breadcrumb":{"@id":"https:\/\/wholesalesupplementscy.com\/product\/mtx-iflex-collagen-petides-bodybalance-300g-orange\/#breadcrumb"},"inLanguage":"el","potentialAction":[{"@type":"ReadAction","target":["https:\/\/wholesalesupplementscy.com\/product\/mtx-iflex-collagen-petides-bodybalance-300g-orange\/"]}]},{"@type":"ImageObject","inLanguage":"el","@id":"https:\/\/wholesalesupplementscy.com\/product\/mtx-iflex-collagen-petides-bodybalance-300g-orange\/#primaryimage","url":"https:\/\/wholesalesupplementscy.com\/wp-content\/uploads\/2024\/10\/I-FLEX-300G-1.jpg","contentUrl":"https:\/\/wholesalesupplementscy.com\/wp-content\/uploads\/2024\/10\/I-FLEX-300G-1.jpg","width":1200,"height":1200},{"@type":"BreadcrumbList","@id":"https:\/\/wholesalesupplementscy.com\/product\/mtx-iflex-collagen-petides-bodybalance-300g-orange\/#breadcrumb","itemListElement":[{"@type":"ListItem","position":1,"name":"Home","item":"https:\/\/wholesalesupplementscy.com\/"},{"@type":"ListItem","position":2,"name":"Products","item":"https:\/\/wholesalesupplementscy.com\/shop\/"},{"@type":"ListItem","position":3,"name":"MTX iFLEX COLLAGEN PETIDES BODYBALANCE 300g Orange"}]},{"@type":"WebSite","@id":"https:\/\/wholesalesupplementscy.com\/#website","url":"https:\/\/wholesalesupplementscy.com\/","name":"World of Supplements CY","description":"Protein, Vitamins, Amino, Fat burners","publisher":{"@id":"https:\/\/wholesalesupplementscy.com\/#organization"},"potentialAction":[{"@type":"SearchAction","target":{"@type":"EntryPoint","urlTemplate":"https:\/\/wholesalesupplementscy.com\/?s={search_term_string}"},"query-input":{"@type":"PropertyValueSpecification","valueRequired":true,"valueName":"search_term_string"}}],"inLanguage":"el"},{"@type":"Organization","@id":"https:\/\/wholesalesupplementscy.com\/#organization","name":"World of Supplements CY","url":"https:\/\/wholesalesupplementscy.com\/","logo":{"@type":"ImageObject","inLanguage":"el","@id":"https:\/\/wholesalesupplementscy.com\/#\/schema\/logo\/image\/","url":"https:\/\/www.worldofsupplements.eu\/wp-content\/uploads\/2024\/04\/world-of-supplements-logo-dark.png","contentUrl":"https:\/\/www.worldofsupplements.eu\/wp-content\/uploads\/2024\/04\/world-of-supplements-logo-dark.png","width":340,"height":104,"caption":"World of Supplements CY"},"image":{"@id":"https:\/\/wholesalesupplementscy.com\/#\/schema\/logo\/image\/"},"sameAs":["https:\/\/www.instagram.com\/worldofsupplements_cy_seller\/"]}]}},"tiered_pricing_type":"fixed","tiered_pricing_fixed_rules":[],"tiered_pricing_product_settings":{"layout":"default","base_unit_name":{"singular":null,"plural":null},"default_variation":null},"tiered_pricing_minimum_quantity":null,"tiered_pricing_roles_data":[],"tiered_pricing_percentage_rules":[],"_links":{"self":[{"href":"https:\/\/wholesalesupplementscy.com\/el\/wp-json\/wp\/v2\/product\/2128","targetHints":{"allow":["GET"]}}],"collection":[{"href":"https:\/\/wholesalesupplementscy.com\/el\/wp-json\/wp\/v2\/product"}],"about":[{"href":"https:\/\/wholesalesupplementscy.com\/el\/wp-json\/wp\/v2\/types\/product"}],"wp:featuredmedia":[{"embeddable":true,"href":"https:\/\/wholesalesupplementscy.com\/el\/wp-json\/wp\/v2\/media\/2129"}],"wp:attachment":[{"href":"https:\/\/wholesalesupplementscy.com\/el\/wp-json\/wp\/v2\/media?parent=2128"}],"wp:term":[{"taxonomy":"product_cat","embeddable":true,"href":"https:\/\/wholesalesupplementscy.com\/el\/wp-json\/wp\/v2\/product_cat?post=2128"},{"taxonomy":"product_tag","embeddable":true,"href":"https:\/\/wholesalesupplementscy.com\/el\/wp-json\/wp\/v2\/product_tag?post=2128"},{"taxonomy":"berocket_brand","embeddable":true,"href":"https:\/\/wholesalesupplementscy.com\/el\/wp-json\/wp\/v2\/berocket_brand?post=2128"}],"curies":[{"name":"wp","href":"https:\/\/api.w.org\/{rel}","templated":true}]}}