{"id":2130,"date":"2024-10-14T14:27:22","date_gmt":"2024-10-14T14:27:22","guid":{"rendered":"https:\/\/www.worldofsupplements.eu\/?post_type=product&#038;p=2130"},"modified":"2024-10-25T09:47:08","modified_gmt":"2024-10-25T09:47:08","slug":"mtx-glutamine-500g","status":"publish","type":"product","link":"https:\/\/wholesalesupplementscy.com\/el\/product\/mtx-glutamine-500g\/","title":{"rendered":"MTX GLUTAMINE 500g"},"content":{"rendered":"<p><b>CHASING AND ACHIEVING YOUR GOALS IS NOT A GAME!<\/b><\/p>\n<p>Glutamine is a non-essential amino acid, that is, it can be synthesized from glutamic acid by the body. L-glutamine is the most abundant amino acid in muscle tissue and has a very important role in protein synthesis and nitrogen retention, on catabolic processes (muscle deterioration) and in muscle recovery processes. Its effect on body systems is very remarkable, mainly in those people subjected to strenuous exercise (endurance and ultra-endurance), athletes with double training sessions, exercise professionals with several practical classes throughout the day, subjects under a restricted diet program. caloric (fitness and bodybuilding), severe diets in athletes who need to gain weight (wrestling, boxing&#8230;), gymnastics, and professionals who live or work with their image, or immunocompromised and sepsis patients (burned&#8230;), among others.<\/p>\n<p>Ingredients: L-Glutamine (Kyowa Quality\u00ae)*, Fruit Juice Concentrate (Citrus sinensis L.), Flavour, Acid (Citric Acid), Color [Beta Carotene and Sweetener (Sucralose). Ingredients: L-Glutamine (Kyowa Quality\u00ae)*, Concentrated Fruit Juice (Citrus sinensis L.), Aroma, Acidulant (Citric Acid), Color [Beta Carotene and Sweetener (Sucralose). Ingredients: L-Glutamine (Kyowa Quality\u00ae)*, Jus du Fruits Concentr\u00e9 (Citrus sinensis L.), Ar\u00f4me, Acidifiant (Acide Citrique), Colorant [B\u00eata Carot\u00e8ne et \u00c9dulcorant (Sucralose). * Kyowa Quality\u00ae and the KQ logo are registered trademarks of KYOWA HAKKO BIO CO., LTD. \/ Kyowa Quality\u00ae and the KQ logo are registered trademarks of KYOWA HAKKO BIO CO., LTD. \/ Kyowa Quality\u00ae and the KQ logo are trademarks deprived of KYOWA HAKKO BIO CO., LTD.<\/p>\n<p><strong>CHOOSE TO WIN, DECIDE TO BE IN MAXIMUM SHAPE<\/strong><\/p>\n<div>\n<blockquote><p>-PREMIUM QUALITY- PREMIUM AMINO ACID<br \/>\n&#8211; TESTED INGREDIENT<br \/>\n&#8211; PHARMA QUALITY<br \/>\n&#8211; pure MICROINSTANT POWDER<br \/>\n&#8211; MAXIMIZED ABSORPTION (vit B6)<br \/>\n&#8211; VEGETARIAN PRODUCT<\/p>\n<p>&#8211;\u00a0 LOW SUGAR<\/p>\n<p>&#8211; ZERO FATS<\/p>\n<p>&#8211;\u00a0 GLUTEN FREE<br \/>\n&#8211; ASPARTAME FREE &#8211; NATURAL AROMA AND FLAVORS\u00a0 &#8211;\u00a0 NATURAL SOURCE (FERMENTATION) &#8211; FAST SOLUBILITY 100% PURE KYOWA QUALITY L GLUTAMINE<\/p><\/blockquote>\n<\/div>\n<h3><strong>A good taste is naturally important<\/strong><\/h3>\n<div>Choose to dominate your game with the flavor you like best:<\/div>\n<div><\/div>\n<div><strong>Orange Juice | Red Fruits<\/strong><\/div>\n<div><\/div>\n<div>Recommended daily dose : 1scoop(6g) in water and take it preferably after the workout<\/div>","protected":false},"excerpt":{"rendered":"<p><strong>\u0393\u039b\u039f\u03a5\u03a4\u0391\u039c\u0399\u039d\u0397 \u2122<\/strong>\u00a0\u03b5\u03af\u03bd\u03b1\u03b9 \u03ad\u03bd\u03b1 \u03c3\u03c5\u03bc\u03c0\u03bb\u03ae\u03c1\u03c9\u03bc\u03b1 PREMIUM \u03bc\u03b5 \u03b2\u03ac\u03c3\u03b7 \u03c4\u03b7 \u03bc\u03b9\u03ba\u03c1\u03bf\u03c3\u03ba\u03bf\u03c0\u03b9\u03ba\u03ae \u03c3\u03ba\u03cc\u03bd\u03b7 L-\u03b3\u03bb\u03bf\u03c5\u03c4\u03b1\u03bc\u03af\u03bd\u03b7\u03c2 \u03c6\u03b1\u03c1\u03bc\u03b1\u03ba\u03b5\u03c5\u03c4\u03b9\u03ba\u03ae\u03c2 \u03c0\u03bf\u03b9\u03cc\u03c4\u03b7\u03c4\u03b1\u03c2 (Premium Kyowa Quality\u00ae) \u03c0\u03bf\u03c5 \u03b5\u03b3\u03b3\u03c5\u03ac\u03c4\u03b1\u03b9 \u03c4\u03b1 \u03c5\u03c8\u03b7\u03bb\u03cc\u03c4\u03b5\u03c1\u03b1 \u03c0\u03c1\u03cc\u03c4\u03c5\u03c0\u03b1 \u03c0\u03bf\u03b9\u03cc\u03c4\u03b7\u03c4\u03b1\u03c2 \u03ba\u03b1\u03b9 \u03ad\u03c7\u03b5\u03b9<\/p>\n<p>\u03ad\u03c7\u03b5\u03b9 \u03b5\u03bc\u03c0\u03bb\u03bf\u03c5\u03c4\u03b9\u03c3\u03c4\u03b5\u03af \u03bc\u03b5 \u03b2\u03b9\u03c4\u03b1\u03bc\u03af\u03bd\u03b7 \u03926 \u03b3\u03b9\u03b1 \u03bd\u03b1 \u03b2\u03b5\u03bb\u03c4\u03b9\u03c9\u03b8\u03b5\u03af \u03b7 \u03b1\u03c0\u03bf\u03c1\u03c1\u03cc\u03c6\u03b7\u03c3\u03ae \u03c4\u03b7\u03c2 \u03ba\u03b1\u03b9 \u03cc\u03c4\u03b9 \u03ad\u03c7\u03bf\u03c5\u03bc\u03b5 \u03b1\u03c1\u03c9\u03bc\u03b1\u03c4\u03af\u03c3\u03b5\u03b9 \u03bc\u03b5 \u03bd\u03cc\u03c3\u03c4\u03b9\u03bc\u03b5\u03c2 \u03c6\u03c5\u03c3\u03b9\u03ba\u03ad\u03c2 \u03b3\u03b5\u03cd\u03c3\u03b5\u03b9\u03c2 \u03c6\u03c1\u03bf\u03cd\u03c4\u03c9\u03bd \u03c3\u03b5 \u03c3\u03ba\u03cc\u03bd\u03b7 \u03b3\u03b9\u03b1 \u03bd\u03b1 \u03c0\u03c1\u03bf\u03c3\u03c6\u03ad\u03c1\u03bf\u03c5\u03bc\u03b5, \u03b5\u03ba\u03c4\u03cc\u03c2 \u03b1\u03c0\u03cc \u03ad\u03bd\u03b1 \u03bb\u03b5\u03b9\u03c4\u03bf\u03c5\u03c1\u03b3\u03b9\u03ba\u03cc \u03c3\u03c5\u03bc\u03c0\u03bb\u03ae\u03c1\u03c9\u03bc\u03b1, \u03ad\u03bd\u03b1 \u03b5\u03c5\u03c7\u03ac\u03c1\u03b9\u03c3\u03c4\u03bf \u03c0\u03c1\u03bf\u03ca\u03cc\u03bd \u03b3\u03b9\u03b1 \u03ba\u03b1\u03c4\u03b1\u03bd\u03ac\u03bb\u03c9\u03c3\u03b7.<\/p>\n<p>&nbsp;<\/p>","protected":false},"featured_media":2137,"template":"","meta":[],"product_cat":[105],"product_tag":[157,158],"berocket_brand":[141],"class_list":{"0":"post-2130","1":"product","2":"type-product","3":"status-publish","4":"has-post-thumbnail","6":"product_cat-eaa-bcaa","7":"product_tag-boost","8":"product_tag-training","9":"berocket_brand-mtx-spain","10":"description-off","12":"first","13":"outofstock","14":"shipping-taxable","15":"product-type-variable"},"yoast_head":"<!-- This site is optimized with the Yoast SEO plugin v24.0 - https:\/\/yoast.com\/wordpress\/plugins\/seo\/ -->\n<title>MTX GLUTAMINE 500g - Wholesale Supplements Cy<\/title>\n<meta name=\"robots\" content=\"index, follow, max-snippet:-1, max-image-preview:large, max-video-preview:-1\" \/>\n<link rel=\"canonical\" href=\"https:\/\/wholesalesupplementscy.com\/el\/product\/mtx-glutamine-500g\/\" \/>\n<meta property=\"og:locale\" content=\"el_GR\" \/>\n<meta property=\"og:type\" content=\"article\" \/>\n<meta property=\"og:title\" content=\"MTX GLUTAMINE 500g - Wholesale Supplements Cy\" \/>\n<meta property=\"og:description\" content=\"GLUTAMINE \u2122\u00a0is a PREMIUM supplement based on micronized L-glutamine powder of pharmaceutical quality (Premium Kyowa Quality\u00ae) guaranteed by the highest quality standards that has  been enriched with vitamin B6 to improve its absorption and that we have flavored with delicious natural flavors of powdered fruit to offer, in addition to being a functional supplement, a pleasant product to consume.  &nbsp;\" \/>\n<meta property=\"og:url\" content=\"https:\/\/wholesalesupplementscy.com\/el\/product\/mtx-glutamine-500g\/\" \/>\n<meta property=\"og:site_name\" content=\"Wholesale Supplements Cy\" \/>\n<meta property=\"article:modified_time\" content=\"2024-10-25T09:47:08+00:00\" \/>\n<meta property=\"og:image\" content=\"https:\/\/wholesalesupplementscy.com\/wp-content\/uploads\/2024\/10\/GLUTAMINE-ORANGE-500-1-1.jpg\" \/>\n\t<meta property=\"og:image:width\" content=\"1200\" \/>\n\t<meta property=\"og:image:height\" content=\"1200\" \/>\n\t<meta property=\"og:image:type\" content=\"image\/jpeg\" \/>\n<meta name=\"twitter:card\" content=\"summary_large_image\" \/>\n<meta name=\"twitter:label1\" content=\"\u0395\u03ba\u03c4\u03b9\u03bc\u03ce\u03bc\u03b5\u03bd\u03bf\u03c2 \u03c7\u03c1\u03cc\u03bd\u03bf\u03c2 \u03b1\u03bd\u03ac\u03b3\u03bd\u03c9\u03c3\u03b7\u03c2\" \/>\n\t<meta name=\"twitter:data1\" content=\"2 \u03bb\u03b5\u03c0\u03c4\u03ac\" \/>\n<script type=\"application\/ld+json\" class=\"yoast-schema-graph\">{\"@context\":\"https:\/\/schema.org\",\"@graph\":[{\"@type\":\"WebPage\",\"@id\":\"https:\/\/wholesalesupplementscy.com\/product\/mtx-glutamine-500g\/\",\"url\":\"https:\/\/wholesalesupplementscy.com\/product\/mtx-glutamine-500g\/\",\"name\":\"MTX GLUTAMINE 500g - Wholesale Supplements Cy\",\"isPartOf\":{\"@id\":\"https:\/\/wholesalesupplementscy.com\/#website\"},\"primaryImageOfPage\":{\"@id\":\"https:\/\/wholesalesupplementscy.com\/product\/mtx-glutamine-500g\/#primaryimage\"},\"image\":{\"@id\":\"https:\/\/wholesalesupplementscy.com\/product\/mtx-glutamine-500g\/#primaryimage\"},\"thumbnailUrl\":\"https:\/\/wholesalesupplementscy.com\/wp-content\/uploads\/2024\/10\/GLUTAMINE-ORANGE-500-1-1.jpg\",\"datePublished\":\"2024-10-14T14:27:22+00:00\",\"dateModified\":\"2024-10-25T09:47:08+00:00\",\"breadcrumb\":{\"@id\":\"https:\/\/wholesalesupplementscy.com\/product\/mtx-glutamine-500g\/#breadcrumb\"},\"inLanguage\":\"el\",\"potentialAction\":[{\"@type\":\"ReadAction\",\"target\":[\"https:\/\/wholesalesupplementscy.com\/product\/mtx-glutamine-500g\/\"]}]},{\"@type\":\"ImageObject\",\"inLanguage\":\"el\",\"@id\":\"https:\/\/wholesalesupplementscy.com\/product\/mtx-glutamine-500g\/#primaryimage\",\"url\":\"https:\/\/wholesalesupplementscy.com\/wp-content\/uploads\/2024\/10\/GLUTAMINE-ORANGE-500-1-1.jpg\",\"contentUrl\":\"https:\/\/wholesalesupplementscy.com\/wp-content\/uploads\/2024\/10\/GLUTAMINE-ORANGE-500-1-1.jpg\",\"width\":1200,\"height\":1200},{\"@type\":\"BreadcrumbList\",\"@id\":\"https:\/\/wholesalesupplementscy.com\/product\/mtx-glutamine-500g\/#breadcrumb\",\"itemListElement\":[{\"@type\":\"ListItem\",\"position\":1,\"name\":\"Home\",\"item\":\"https:\/\/wholesalesupplementscy.com\/\"},{\"@type\":\"ListItem\",\"position\":2,\"name\":\"Products\",\"item\":\"https:\/\/wholesalesupplementscy.com\/shop\/\"},{\"@type\":\"ListItem\",\"position\":3,\"name\":\"MTX GLUTAMINE 500g\"}]},{\"@type\":\"WebSite\",\"@id\":\"https:\/\/wholesalesupplementscy.com\/#website\",\"url\":\"https:\/\/wholesalesupplementscy.com\/\",\"name\":\"World of Supplements CY\",\"description\":\"Protein, Vitamins, Amino, Fat burners\",\"publisher\":{\"@id\":\"https:\/\/wholesalesupplementscy.com\/#organization\"},\"potentialAction\":[{\"@type\":\"SearchAction\",\"target\":{\"@type\":\"EntryPoint\",\"urlTemplate\":\"https:\/\/wholesalesupplementscy.com\/?s={search_term_string}\"},\"query-input\":{\"@type\":\"PropertyValueSpecification\",\"valueRequired\":true,\"valueName\":\"search_term_string\"}}],\"inLanguage\":\"el\"},{\"@type\":\"Organization\",\"@id\":\"https:\/\/wholesalesupplementscy.com\/#organization\",\"name\":\"World of Supplements CY\",\"url\":\"https:\/\/wholesalesupplementscy.com\/\",\"logo\":{\"@type\":\"ImageObject\",\"inLanguage\":\"el\",\"@id\":\"https:\/\/wholesalesupplementscy.com\/#\/schema\/logo\/image\/\",\"url\":\"https:\/\/www.worldofsupplements.eu\/wp-content\/uploads\/2024\/04\/world-of-supplements-logo-dark.png\",\"contentUrl\":\"https:\/\/www.worldofsupplements.eu\/wp-content\/uploads\/2024\/04\/world-of-supplements-logo-dark.png\",\"width\":340,\"height\":104,\"caption\":\"World of Supplements CY\"},\"image\":{\"@id\":\"https:\/\/wholesalesupplementscy.com\/#\/schema\/logo\/image\/\"},\"sameAs\":[\"https:\/\/www.instagram.com\/worldofsupplements_cy_seller\/\"]}]}<\/script>\n<!-- \/ Yoast SEO plugin. -->","yoast_head_json":{"title":"MTX GLUTAMINE 500g - Wholesale Supplements Cy","robots":{"index":"index","follow":"follow","max-snippet":"max-snippet:-1","max-image-preview":"max-image-preview:large","max-video-preview":"max-video-preview:-1"},"canonical":"https:\/\/wholesalesupplementscy.com\/el\/product\/mtx-glutamine-500g\/","og_locale":"el_GR","og_type":"article","og_title":"MTX GLUTAMINE 500g - Wholesale Supplements Cy","og_description":"GLUTAMINE \u2122\u00a0is a PREMIUM supplement based on micronized L-glutamine powder of pharmaceutical quality (Premium Kyowa Quality\u00ae) guaranteed by the highest quality standards that has  been enriched with vitamin B6 to improve its absorption and that we have flavored with delicious natural flavors of powdered fruit to offer, in addition to being a functional supplement, a pleasant product to consume.  &nbsp;","og_url":"https:\/\/wholesalesupplementscy.com\/el\/product\/mtx-glutamine-500g\/","og_site_name":"Wholesale Supplements Cy","article_modified_time":"2024-10-25T09:47:08+00:00","og_image":[{"width":1200,"height":1200,"url":"https:\/\/wholesalesupplementscy.com\/wp-content\/uploads\/2024\/10\/GLUTAMINE-ORANGE-500-1-1.jpg","type":"image\/jpeg"}],"twitter_card":"summary_large_image","twitter_misc":{"\u0395\u03ba\u03c4\u03b9\u03bc\u03ce\u03bc\u03b5\u03bd\u03bf\u03c2 \u03c7\u03c1\u03cc\u03bd\u03bf\u03c2 \u03b1\u03bd\u03ac\u03b3\u03bd\u03c9\u03c3\u03b7\u03c2":"2 \u03bb\u03b5\u03c0\u03c4\u03ac"},"schema":{"@context":"https:\/\/schema.org","@graph":[{"@type":"WebPage","@id":"https:\/\/wholesalesupplementscy.com\/product\/mtx-glutamine-500g\/","url":"https:\/\/wholesalesupplementscy.com\/product\/mtx-glutamine-500g\/","name":"MTX GLUTAMINE 500g - Wholesale Supplements Cy","isPartOf":{"@id":"https:\/\/wholesalesupplementscy.com\/#website"},"primaryImageOfPage":{"@id":"https:\/\/wholesalesupplementscy.com\/product\/mtx-glutamine-500g\/#primaryimage"},"image":{"@id":"https:\/\/wholesalesupplementscy.com\/product\/mtx-glutamine-500g\/#primaryimage"},"thumbnailUrl":"https:\/\/wholesalesupplementscy.com\/wp-content\/uploads\/2024\/10\/GLUTAMINE-ORANGE-500-1-1.jpg","datePublished":"2024-10-14T14:27:22+00:00","dateModified":"2024-10-25T09:47:08+00:00","breadcrumb":{"@id":"https:\/\/wholesalesupplementscy.com\/product\/mtx-glutamine-500g\/#breadcrumb"},"inLanguage":"el","potentialAction":[{"@type":"ReadAction","target":["https:\/\/wholesalesupplementscy.com\/product\/mtx-glutamine-500g\/"]}]},{"@type":"ImageObject","inLanguage":"el","@id":"https:\/\/wholesalesupplementscy.com\/product\/mtx-glutamine-500g\/#primaryimage","url":"https:\/\/wholesalesupplementscy.com\/wp-content\/uploads\/2024\/10\/GLUTAMINE-ORANGE-500-1-1.jpg","contentUrl":"https:\/\/wholesalesupplementscy.com\/wp-content\/uploads\/2024\/10\/GLUTAMINE-ORANGE-500-1-1.jpg","width":1200,"height":1200},{"@type":"BreadcrumbList","@id":"https:\/\/wholesalesupplementscy.com\/product\/mtx-glutamine-500g\/#breadcrumb","itemListElement":[{"@type":"ListItem","position":1,"name":"Home","item":"https:\/\/wholesalesupplementscy.com\/"},{"@type":"ListItem","position":2,"name":"Products","item":"https:\/\/wholesalesupplementscy.com\/shop\/"},{"@type":"ListItem","position":3,"name":"MTX GLUTAMINE 500g"}]},{"@type":"WebSite","@id":"https:\/\/wholesalesupplementscy.com\/#website","url":"https:\/\/wholesalesupplementscy.com\/","name":"World of Supplements CY","description":"Protein, Vitamins, Amino, Fat burners","publisher":{"@id":"https:\/\/wholesalesupplementscy.com\/#organization"},"potentialAction":[{"@type":"SearchAction","target":{"@type":"EntryPoint","urlTemplate":"https:\/\/wholesalesupplementscy.com\/?s={search_term_string}"},"query-input":{"@type":"PropertyValueSpecification","valueRequired":true,"valueName":"search_term_string"}}],"inLanguage":"el"},{"@type":"Organization","@id":"https:\/\/wholesalesupplementscy.com\/#organization","name":"World of Supplements CY","url":"https:\/\/wholesalesupplementscy.com\/","logo":{"@type":"ImageObject","inLanguage":"el","@id":"https:\/\/wholesalesupplementscy.com\/#\/schema\/logo\/image\/","url":"https:\/\/www.worldofsupplements.eu\/wp-content\/uploads\/2024\/04\/world-of-supplements-logo-dark.png","contentUrl":"https:\/\/www.worldofsupplements.eu\/wp-content\/uploads\/2024\/04\/world-of-supplements-logo-dark.png","width":340,"height":104,"caption":"World of Supplements CY"},"image":{"@id":"https:\/\/wholesalesupplementscy.com\/#\/schema\/logo\/image\/"},"sameAs":["https:\/\/www.instagram.com\/worldofsupplements_cy_seller\/"]}]}},"tiered_pricing_type":"fixed","tiered_pricing_fixed_rules":[],"tiered_pricing_product_settings":{"layout":"default","base_unit_name":{"singular":null,"plural":null},"default_variation":null},"tiered_pricing_minimum_quantity":null,"tiered_pricing_roles_data":[],"tiered_pricing_percentage_rules":[],"_links":{"self":[{"href":"https:\/\/wholesalesupplementscy.com\/el\/wp-json\/wp\/v2\/product\/2130","targetHints":{"allow":["GET"]}}],"collection":[{"href":"https:\/\/wholesalesupplementscy.com\/el\/wp-json\/wp\/v2\/product"}],"about":[{"href":"https:\/\/wholesalesupplementscy.com\/el\/wp-json\/wp\/v2\/types\/product"}],"wp:featuredmedia":[{"embeddable":true,"href":"https:\/\/wholesalesupplementscy.com\/el\/wp-json\/wp\/v2\/media\/2137"}],"wp:attachment":[{"href":"https:\/\/wholesalesupplementscy.com\/el\/wp-json\/wp\/v2\/media?parent=2130"}],"wp:term":[{"taxonomy":"product_cat","embeddable":true,"href":"https:\/\/wholesalesupplementscy.com\/el\/wp-json\/wp\/v2\/product_cat?post=2130"},{"taxonomy":"product_tag","embeddable":true,"href":"https:\/\/wholesalesupplementscy.com\/el\/wp-json\/wp\/v2\/product_tag?post=2130"},{"taxonomy":"berocket_brand","embeddable":true,"href":"https:\/\/wholesalesupplementscy.com\/el\/wp-json\/wp\/v2\/berocket_brand?post=2130"}],"curies":[{"name":"wp","href":"https:\/\/api.w.org\/{rel}","templated":true}]}}