{"id":2171,"date":"2024-10-16T11:07:38","date_gmt":"2024-10-16T11:07:38","guid":{"rendered":"https:\/\/www.worldofsupplements.eu\/?post_type=product&#038;p=2171"},"modified":"2025-02-20T17:14:19","modified_gmt":"2025-02-20T17:14:19","slug":"mtx-pure-dtox-day-60-capsules","status":"publish","type":"product","link":"https:\/\/wholesalesupplementscy.com\/el\/product\/mtx-pure-dtox-day-60-capsules\/","title":{"rendered":"MTX PURE DTOX DAY 60 CAPSULES"},"content":{"rendered":"<h3><span data-sheets-userformat=\"{&quot;2&quot;:14463,&quot;3&quot;:{&quot;1&quot;:0,&quot;3&quot;:1},&quot;4&quot;:{&quot;1&quot;:2,&quot;2&quot;:16711935},&quot;5&quot;:{&quot;1&quot;:[{&quot;1&quot;:2,&quot;2&quot;:0,&quot;5&quot;:{&quot;1&quot;:2,&quot;2&quot;:0}},{&quot;1&quot;:0,&quot;2&quot;:0,&quot;3&quot;:3},{&quot;1&quot;:1,&quot;2&quot;:0,&quot;4&quot;:1}]},&quot;6&quot;:{&quot;1&quot;:[{&quot;1&quot;:2,&quot;2&quot;:0,&quot;5&quot;:{&quot;1&quot;:2,&quot;2&quot;:0}},{&quot;1&quot;:0,&quot;2&quot;:0,&quot;3&quot;:3},{&quot;1&quot;:1,&quot;2&quot;:0,&quot;4&quot;:1}]},&quot;7&quot;:{&quot;1&quot;:[{&quot;1&quot;:2,&quot;2&quot;:0,&quot;5&quot;:{&quot;1&quot;:2,&quot;2&quot;:0}},{&quot;1&quot;:0,&quot;2&quot;:0,&quot;3&quot;:3},{&quot;1&quot;:1,&quot;2&quot;:0,&quot;4&quot;:1}]},&quot;8&quot;:{&quot;1&quot;:[{&quot;1&quot;:2,&quot;2&quot;:0,&quot;5&quot;:{&quot;1&quot;:2,&quot;2&quot;:0}},{&quot;1&quot;:0,&quot;2&quot;:0,&quot;3&quot;:3},{&quot;1&quot;:1,&quot;2&quot;:0,&quot;4&quot;:1}]},&quot;9&quot;:1,&quot;14&quot;:{&quot;1&quot;:2,&quot;2&quot;:0},&quot;15&quot;:&quot;Calibri&quot;,&quot;16&quot;:11}\" data-sheets-value=\"{&quot;1&quot;:2,&quot;2&quot;:&quot;Nuestro cuerpo elimina sustancias nocivas gracias a la funci\u00f3n biol\u00f3gica de la piel, los pulmones, el higado, los ri\u00f1ones y el sistema linf\u00e1tico. Con DTOXDAY podr\u00e1s abordar la depuraci\u00f3n de l organismo desde una perspectiva completa al mejorar la funci\u00f3n de esos \u00f3rganos y sistemas gracias al aporte de fibra, antioxidantes vegetales, probioticos...&quot;}\">The Cleanse That Revitalizes Your Body<\/span><\/h3>\n<p><span data-sheets-userformat=\"{&quot;2&quot;:14463,&quot;3&quot;:{&quot;1&quot;:0,&quot;3&quot;:1},&quot;4&quot;:{&quot;1&quot;:2,&quot;2&quot;:16711935},&quot;5&quot;:{&quot;1&quot;:[{&quot;1&quot;:2,&quot;2&quot;:0,&quot;5&quot;:{&quot;1&quot;:2,&quot;2&quot;:0}},{&quot;1&quot;:0,&quot;2&quot;:0,&quot;3&quot;:3},{&quot;1&quot;:1,&quot;2&quot;:0,&quot;4&quot;:1}]},&quot;6&quot;:{&quot;1&quot;:[{&quot;1&quot;:2,&quot;2&quot;:0,&quot;5&quot;:{&quot;1&quot;:2,&quot;2&quot;:0}},{&quot;1&quot;:0,&quot;2&quot;:0,&quot;3&quot;:3},{&quot;1&quot;:1,&quot;2&quot;:0,&quot;4&quot;:1}]},&quot;7&quot;:{&quot;1&quot;:[{&quot;1&quot;:2,&quot;2&quot;:0,&quot;5&quot;:{&quot;1&quot;:2,&quot;2&quot;:0}},{&quot;1&quot;:0,&quot;2&quot;:0,&quot;3&quot;:3},{&quot;1&quot;:1,&quot;2&quot;:0,&quot;4&quot;:1}]},&quot;8&quot;:{&quot;1&quot;:[{&quot;1&quot;:2,&quot;2&quot;:0,&quot;5&quot;:{&quot;1&quot;:2,&quot;2&quot;:0}},{&quot;1&quot;:0,&quot;2&quot;:0,&quot;3&quot;:3},{&quot;1&quot;:1,&quot;2&quot;:0,&quot;4&quot;:1}]},&quot;9&quot;:1,&quot;14&quot;:{&quot;1&quot;:2,&quot;2&quot;:0},&quot;15&quot;:&quot;Calibri&quot;,&quot;16&quot;:11}\" data-sheets-value=\"{&quot;1&quot;:2,&quot;2&quot;:&quot;Nuestro cuerpo elimina sustancias nocivas gracias a la funci\u00f3n biol\u00f3gica de la piel, los pulmones, el higado, los ri\u00f1ones y el sistema linf\u00e1tico. Con DTOXDAY podr\u00e1s abordar la depuraci\u00f3n de l organismo desde una perspectiva completa al mejorar la funci\u00f3n de esos \u00f3rganos y sistemas gracias al aporte de fibra, antioxidantes vegetales, probioticos...&quot;}\">Our body has an efficient network to purify itself through the skin, lungs, liver, kidneys and lymphatic system. However, over time this ability deteriorates and becomes more and more inefficient. \u231b\ufe0f<\/span><\/p>\n<p>This is where DtoxDAY\u2122 comes into play, a powerful ally capable of addressing and providing natural support to these important detoxifying processes from a comprehensive perspective, improving the function of organs and systems with a contribution of phytoextracts, antioxidants and probiotics.<\/p>\n<p>Don&#8217;t wait to function below your threshold, lose energy and capabilities. Put DtoxDAY\u2122 to work today for you and your goals. It is much more important than you think! \ud83d\ude80\ud83d\udc9a<\/p>\n<p>Suggested use 2 capsules a day.\u00a0 \u00a030 days detox body<\/p>","protected":false},"excerpt":{"rendered":"<h3>** EXPIRY DATE 03\/2025 **<\/h3>\n<p>A master formula capable of restoring your vital energy thanks to the elimination of undesirable substances that end up blocking our systems and metabolism! \ud83d\udcaa<\/p>","protected":false},"featured_media":2172,"template":"","meta":[],"product_cat":[85],"product_tag":[164],"berocket_brand":[141],"class_list":{"0":"post-2171","1":"product","2":"type-product","3":"status-publish","4":"has-post-thumbnail","6":"product_cat-vitamins-minerals","7":"product_tag-dtox","8":"berocket_brand-mtx-spain","9":"description-off","11":"first","12":"outofstock","13":"sale","14":"shipping-taxable","15":"product-type-simple"},"yoast_head":"<!-- This site is optimized with the Yoast SEO plugin v24.0 - https:\/\/yoast.com\/wordpress\/plugins\/seo\/ -->\n<title>MTX PURE DTOX DAY 60 CAPSULES - Wholesale Supplements Cy<\/title>\n<meta name=\"robots\" content=\"index, follow, max-snippet:-1, max-image-preview:large, max-video-preview:-1\" \/>\n<link rel=\"canonical\" href=\"https:\/\/wholesalesupplementscy.com\/el\/product\/mtx-pure-dtox-day-60-capsules\/\" \/>\n<meta property=\"og:locale\" content=\"el_GR\" \/>\n<meta property=\"og:type\" content=\"article\" \/>\n<meta property=\"og:title\" content=\"MTX PURE DTOX DAY 60 CAPSULES - Wholesale Supplements Cy\" \/>\n<meta property=\"og:description\" content=\"** EXPIRY DATE 03\/2025 ** A master formula capable of restoring your vital energy thanks to the elimination of undesirable substances that end up blocking our systems and metabolism! \ud83d\udcaa\" \/>\n<meta property=\"og:url\" content=\"https:\/\/wholesalesupplementscy.com\/el\/product\/mtx-pure-dtox-day-60-capsules\/\" \/>\n<meta property=\"og:site_name\" content=\"Wholesale Supplements Cy\" \/>\n<meta property=\"article:modified_time\" content=\"2025-02-20T17:14:19+00:00\" \/>\n<meta property=\"og:image\" content=\"https:\/\/wholesalesupplementscy.com\/wp-content\/uploads\/2024\/10\/pure-dtox-day-1.jpg\" \/>\n\t<meta property=\"og:image:width\" content=\"1200\" \/>\n\t<meta property=\"og:image:height\" content=\"1200\" \/>\n\t<meta property=\"og:image:type\" content=\"image\/jpeg\" \/>\n<meta name=\"twitter:card\" content=\"summary_large_image\" \/>\n<meta name=\"twitter:label1\" content=\"\u0395\u03ba\u03c4\u03b9\u03bc\u03ce\u03bc\u03b5\u03bd\u03bf\u03c2 \u03c7\u03c1\u03cc\u03bd\u03bf\u03c2 \u03b1\u03bd\u03ac\u03b3\u03bd\u03c9\u03c3\u03b7\u03c2\" \/>\n\t<meta name=\"twitter:data1\" content=\"1 \u03bb\u03b5\u03c0\u03c4\u03cc\" \/>\n<script type=\"application\/ld+json\" class=\"yoast-schema-graph\">{\"@context\":\"https:\/\/schema.org\",\"@graph\":[{\"@type\":\"WebPage\",\"@id\":\"https:\/\/wholesalesupplementscy.com\/product\/mtx-pure-dtox-day-60-capsules\/\",\"url\":\"https:\/\/wholesalesupplementscy.com\/product\/mtx-pure-dtox-day-60-capsules\/\",\"name\":\"MTX PURE DTOX DAY 60 CAPSULES - Wholesale Supplements Cy\",\"isPartOf\":{\"@id\":\"https:\/\/wholesalesupplementscy.com\/#website\"},\"primaryImageOfPage\":{\"@id\":\"https:\/\/wholesalesupplementscy.com\/product\/mtx-pure-dtox-day-60-capsules\/#primaryimage\"},\"image\":{\"@id\":\"https:\/\/wholesalesupplementscy.com\/product\/mtx-pure-dtox-day-60-capsules\/#primaryimage\"},\"thumbnailUrl\":\"https:\/\/wholesalesupplementscy.com\/wp-content\/uploads\/2024\/10\/pure-dtox-day-1.jpg\",\"datePublished\":\"2024-10-16T11:07:38+00:00\",\"dateModified\":\"2025-02-20T17:14:19+00:00\",\"breadcrumb\":{\"@id\":\"https:\/\/wholesalesupplementscy.com\/product\/mtx-pure-dtox-day-60-capsules\/#breadcrumb\"},\"inLanguage\":\"el\",\"potentialAction\":[{\"@type\":\"ReadAction\",\"target\":[\"https:\/\/wholesalesupplementscy.com\/product\/mtx-pure-dtox-day-60-capsules\/\"]}]},{\"@type\":\"ImageObject\",\"inLanguage\":\"el\",\"@id\":\"https:\/\/wholesalesupplementscy.com\/product\/mtx-pure-dtox-day-60-capsules\/#primaryimage\",\"url\":\"https:\/\/wholesalesupplementscy.com\/wp-content\/uploads\/2024\/10\/pure-dtox-day-1.jpg\",\"contentUrl\":\"https:\/\/wholesalesupplementscy.com\/wp-content\/uploads\/2024\/10\/pure-dtox-day-1.jpg\",\"width\":1200,\"height\":1200},{\"@type\":\"BreadcrumbList\",\"@id\":\"https:\/\/wholesalesupplementscy.com\/product\/mtx-pure-dtox-day-60-capsules\/#breadcrumb\",\"itemListElement\":[{\"@type\":\"ListItem\",\"position\":1,\"name\":\"Home\",\"item\":\"https:\/\/wholesalesupplementscy.com\/\"},{\"@type\":\"ListItem\",\"position\":2,\"name\":\"Products\",\"item\":\"https:\/\/wholesalesupplementscy.com\/shop\/\"},{\"@type\":\"ListItem\",\"position\":3,\"name\":\"MTX PURE DTOX DAY 60 CAPSULES\"}]},{\"@type\":\"WebSite\",\"@id\":\"https:\/\/wholesalesupplementscy.com\/#website\",\"url\":\"https:\/\/wholesalesupplementscy.com\/\",\"name\":\"World of Supplements CY\",\"description\":\"Protein, Vitamins, Amino, Fat burners\",\"publisher\":{\"@id\":\"https:\/\/wholesalesupplementscy.com\/#organization\"},\"potentialAction\":[{\"@type\":\"SearchAction\",\"target\":{\"@type\":\"EntryPoint\",\"urlTemplate\":\"https:\/\/wholesalesupplementscy.com\/?s={search_term_string}\"},\"query-input\":{\"@type\":\"PropertyValueSpecification\",\"valueRequired\":true,\"valueName\":\"search_term_string\"}}],\"inLanguage\":\"el\"},{\"@type\":\"Organization\",\"@id\":\"https:\/\/wholesalesupplementscy.com\/#organization\",\"name\":\"World of Supplements CY\",\"url\":\"https:\/\/wholesalesupplementscy.com\/\",\"logo\":{\"@type\":\"ImageObject\",\"inLanguage\":\"el\",\"@id\":\"https:\/\/wholesalesupplementscy.com\/#\/schema\/logo\/image\/\",\"url\":\"https:\/\/www.worldofsupplements.eu\/wp-content\/uploads\/2024\/04\/world-of-supplements-logo-dark.png\",\"contentUrl\":\"https:\/\/www.worldofsupplements.eu\/wp-content\/uploads\/2024\/04\/world-of-supplements-logo-dark.png\",\"width\":340,\"height\":104,\"caption\":\"World of Supplements CY\"},\"image\":{\"@id\":\"https:\/\/wholesalesupplementscy.com\/#\/schema\/logo\/image\/\"},\"sameAs\":[\"https:\/\/www.instagram.com\/worldofsupplements_cy_seller\/\"]}]}<\/script>\n<!-- \/ Yoast SEO plugin. -->","yoast_head_json":{"title":"MTX PURE DTOX DAY 60 CAPSULES - Wholesale Supplements Cy","robots":{"index":"index","follow":"follow","max-snippet":"max-snippet:-1","max-image-preview":"max-image-preview:large","max-video-preview":"max-video-preview:-1"},"canonical":"https:\/\/wholesalesupplementscy.com\/el\/product\/mtx-pure-dtox-day-60-capsules\/","og_locale":"el_GR","og_type":"article","og_title":"MTX PURE DTOX DAY 60 CAPSULES - Wholesale Supplements Cy","og_description":"** EXPIRY DATE 03\/2025 ** A master formula capable of restoring your vital energy thanks to the elimination of undesirable substances that end up blocking our systems and metabolism! \ud83d\udcaa","og_url":"https:\/\/wholesalesupplementscy.com\/el\/product\/mtx-pure-dtox-day-60-capsules\/","og_site_name":"Wholesale Supplements Cy","article_modified_time":"2025-02-20T17:14:19+00:00","og_image":[{"width":1200,"height":1200,"url":"https:\/\/wholesalesupplementscy.com\/wp-content\/uploads\/2024\/10\/pure-dtox-day-1.jpg","type":"image\/jpeg"}],"twitter_card":"summary_large_image","twitter_misc":{"\u0395\u03ba\u03c4\u03b9\u03bc\u03ce\u03bc\u03b5\u03bd\u03bf\u03c2 \u03c7\u03c1\u03cc\u03bd\u03bf\u03c2 \u03b1\u03bd\u03ac\u03b3\u03bd\u03c9\u03c3\u03b7\u03c2":"1 \u03bb\u03b5\u03c0\u03c4\u03cc"},"schema":{"@context":"https:\/\/schema.org","@graph":[{"@type":"WebPage","@id":"https:\/\/wholesalesupplementscy.com\/product\/mtx-pure-dtox-day-60-capsules\/","url":"https:\/\/wholesalesupplementscy.com\/product\/mtx-pure-dtox-day-60-capsules\/","name":"MTX PURE DTOX DAY 60 CAPSULES - Wholesale Supplements Cy","isPartOf":{"@id":"https:\/\/wholesalesupplementscy.com\/#website"},"primaryImageOfPage":{"@id":"https:\/\/wholesalesupplementscy.com\/product\/mtx-pure-dtox-day-60-capsules\/#primaryimage"},"image":{"@id":"https:\/\/wholesalesupplementscy.com\/product\/mtx-pure-dtox-day-60-capsules\/#primaryimage"},"thumbnailUrl":"https:\/\/wholesalesupplementscy.com\/wp-content\/uploads\/2024\/10\/pure-dtox-day-1.jpg","datePublished":"2024-10-16T11:07:38+00:00","dateModified":"2025-02-20T17:14:19+00:00","breadcrumb":{"@id":"https:\/\/wholesalesupplementscy.com\/product\/mtx-pure-dtox-day-60-capsules\/#breadcrumb"},"inLanguage":"el","potentialAction":[{"@type":"ReadAction","target":["https:\/\/wholesalesupplementscy.com\/product\/mtx-pure-dtox-day-60-capsules\/"]}]},{"@type":"ImageObject","inLanguage":"el","@id":"https:\/\/wholesalesupplementscy.com\/product\/mtx-pure-dtox-day-60-capsules\/#primaryimage","url":"https:\/\/wholesalesupplementscy.com\/wp-content\/uploads\/2024\/10\/pure-dtox-day-1.jpg","contentUrl":"https:\/\/wholesalesupplementscy.com\/wp-content\/uploads\/2024\/10\/pure-dtox-day-1.jpg","width":1200,"height":1200},{"@type":"BreadcrumbList","@id":"https:\/\/wholesalesupplementscy.com\/product\/mtx-pure-dtox-day-60-capsules\/#breadcrumb","itemListElement":[{"@type":"ListItem","position":1,"name":"Home","item":"https:\/\/wholesalesupplementscy.com\/"},{"@type":"ListItem","position":2,"name":"Products","item":"https:\/\/wholesalesupplementscy.com\/shop\/"},{"@type":"ListItem","position":3,"name":"MTX PURE DTOX DAY 60 CAPSULES"}]},{"@type":"WebSite","@id":"https:\/\/wholesalesupplementscy.com\/#website","url":"https:\/\/wholesalesupplementscy.com\/","name":"World of Supplements CY","description":"Protein, Vitamins, Amino, Fat burners","publisher":{"@id":"https:\/\/wholesalesupplementscy.com\/#organization"},"potentialAction":[{"@type":"SearchAction","target":{"@type":"EntryPoint","urlTemplate":"https:\/\/wholesalesupplementscy.com\/?s={search_term_string}"},"query-input":{"@type":"PropertyValueSpecification","valueRequired":true,"valueName":"search_term_string"}}],"inLanguage":"el"},{"@type":"Organization","@id":"https:\/\/wholesalesupplementscy.com\/#organization","name":"World of Supplements CY","url":"https:\/\/wholesalesupplementscy.com\/","logo":{"@type":"ImageObject","inLanguage":"el","@id":"https:\/\/wholesalesupplementscy.com\/#\/schema\/logo\/image\/","url":"https:\/\/www.worldofsupplements.eu\/wp-content\/uploads\/2024\/04\/world-of-supplements-logo-dark.png","contentUrl":"https:\/\/www.worldofsupplements.eu\/wp-content\/uploads\/2024\/04\/world-of-supplements-logo-dark.png","width":340,"height":104,"caption":"World of Supplements CY"},"image":{"@id":"https:\/\/wholesalesupplementscy.com\/#\/schema\/logo\/image\/"},"sameAs":["https:\/\/www.instagram.com\/worldofsupplements_cy_seller\/"]}]}},"tiered_pricing_type":"fixed","tiered_pricing_fixed_rules":[],"tiered_pricing_product_settings":{"layout":"default","base_unit_name":{"singular":null,"plural":null},"default_variation":null},"tiered_pricing_minimum_quantity":null,"tiered_pricing_roles_data":[],"tiered_pricing_percentage_rules":[],"_links":{"self":[{"href":"https:\/\/wholesalesupplementscy.com\/el\/wp-json\/wp\/v2\/product\/2171","targetHints":{"allow":["GET"]}}],"collection":[{"href":"https:\/\/wholesalesupplementscy.com\/el\/wp-json\/wp\/v2\/product"}],"about":[{"href":"https:\/\/wholesalesupplementscy.com\/el\/wp-json\/wp\/v2\/types\/product"}],"wp:featuredmedia":[{"embeddable":true,"href":"https:\/\/wholesalesupplementscy.com\/el\/wp-json\/wp\/v2\/media\/2172"}],"wp:attachment":[{"href":"https:\/\/wholesalesupplementscy.com\/el\/wp-json\/wp\/v2\/media?parent=2171"}],"wp:term":[{"taxonomy":"product_cat","embeddable":true,"href":"https:\/\/wholesalesupplementscy.com\/el\/wp-json\/wp\/v2\/product_cat?post=2171"},{"taxonomy":"product_tag","embeddable":true,"href":"https:\/\/wholesalesupplementscy.com\/el\/wp-json\/wp\/v2\/product_tag?post=2171"},{"taxonomy":"berocket_brand","embeddable":true,"href":"https:\/\/wholesalesupplementscy.com\/el\/wp-json\/wp\/v2\/berocket_brand?post=2171"}],"curies":[{"name":"wp","href":"https:\/\/api.w.org\/{rel}","templated":true}]}}