{"id":2376,"date":"2024-12-10T16:42:25","date_gmt":"2024-12-10T16:42:25","guid":{"rendered":"https:\/\/www.worldofsupplements.eu\/?post_type=product&#038;p=2376"},"modified":"2025-03-28T16:55:03","modified_gmt":"2025-03-28T16:55:03","slug":"pro-nutrition-pro-whey-2kg","status":"publish","type":"product","link":"https:\/\/wholesalesupplementscy.com\/ru\/product\/pro-nutrition-pro-whey-2kg\/","title":{"rendered":"PRO NUTRITION PRO WHEY 2KG"},"content":{"rendered":"<p><span data-sheets-value=\"{&quot;1&quot;:2,&quot;2&quot;:&quot;Pro Whey este un concentrat proteic din zer, creat pentru a sprijini dezvoltarea, definirea \u0219i recuperarea musculaturii \u00een urma antrenamentelor. Contribuie la volumizarea fibrelor \u0219i celulelor musculare \u0219i la \u00eembun\u0103t\u0103\u021birea performan\u021belor, aliment\u00e2nd \u021besuturile musculare cu substan\u021be nutritive necesare pentru o dezvoltare s\u0103n\u0103toas\u0103.\\r\\n\\r\\nCe beneficii are Pro Whey\\r\\n-\\r\\n1. Accelereaz\u0103 procesul de sintez\u0103 proteic\u0103 din \u021besutul muscular, contribuind la dezvoltarea, definirea \u0219i recuperarea musculaturii.\\r\\n2. Cre\u0219te nivelul de anduran\u021b\u0103 \u0219i energie \u00een timpul antrenamentelor, \u00eembun\u0103t\u0103\u021bind rezultatele acestora.\\r\\n3. Ajut\u0103 la pierderea \u00een greutate, acceler\u00e2nd metabolismul \u0219i regl\u00e2nd apetitul, fiind u\u0219or de digerat \u0219i asimilat, aliment\u00e2nd fibrele musculare cu substan\u021bele nutritive necesare pentru dezvoltarea \u0219i regenerarea acestora.&quot;}\" data-sheets-userformat=\"{&quot;2&quot;:513,&quot;3&quot;:{&quot;1&quot;:0},&quot;12&quot;:0}\"><strong>What are the benefits of Pro Whey<\/strong><\/span><\/p>\n<ol>\n<li><span data-sheets-value=\"{&quot;1&quot;:2,&quot;2&quot;:&quot;Pro Whey este un concentrat proteic din zer, creat pentru a sprijini dezvoltarea, definirea \u0219i recuperarea musculaturii \u00een urma antrenamentelor. Contribuie la volumizarea fibrelor \u0219i celulelor musculare \u0219i la \u00eembun\u0103t\u0103\u021birea performan\u021belor, aliment\u00e2nd \u021besuturile musculare cu substan\u021be nutritive necesare pentru o dezvoltare s\u0103n\u0103toas\u0103.\\r\\n\\r\\nCe beneficii are Pro Whey\\r\\n-\\r\\n1. Accelereaz\u0103 procesul de sintez\u0103 proteic\u0103 din \u021besutul muscular, contribuind la dezvoltarea, definirea \u0219i recuperarea musculaturii.\\r\\n2. Cre\u0219te nivelul de anduran\u021b\u0103 \u0219i energie \u00een timpul antrenamentelor, \u00eembun\u0103t\u0103\u021bind rezultatele acestora.\\r\\n3. Ajut\u0103 la pierderea \u00een greutate, acceler\u00e2nd metabolismul \u0219i regl\u00e2nd apetitul, fiind u\u0219or de digerat \u0219i asimilat, aliment\u00e2nd fibrele musculare cu substan\u021bele nutritive necesare pentru dezvoltarea \u0219i regenerarea acestora.&quot;}\" data-sheets-userformat=\"{&quot;2&quot;:513,&quot;3&quot;:{&quot;1&quot;:0},&quot;12&quot;:0}\">It accelerates the process of protein synthesis in muscle tissue, contributing to muscle development, definition and recovery.<\/span><\/li>\n<li><span data-sheets-value=\"{&quot;1&quot;:2,&quot;2&quot;:&quot;Pro Whey este un concentrat proteic din zer, creat pentru a sprijini dezvoltarea, definirea \u0219i recuperarea musculaturii \u00een urma antrenamentelor. Contribuie la volumizarea fibrelor \u0219i celulelor musculare \u0219i la \u00eembun\u0103t\u0103\u021birea performan\u021belor, aliment\u00e2nd \u021besuturile musculare cu substan\u021be nutritive necesare pentru o dezvoltare s\u0103n\u0103toas\u0103.\\r\\n\\r\\nCe beneficii are Pro Whey\\r\\n-\\r\\n1. Accelereaz\u0103 procesul de sintez\u0103 proteic\u0103 din \u021besutul muscular, contribuind la dezvoltarea, definirea \u0219i recuperarea musculaturii.\\r\\n2. Cre\u0219te nivelul de anduran\u021b\u0103 \u0219i energie \u00een timpul antrenamentelor, \u00eembun\u0103t\u0103\u021bind rezultatele acestora.\\r\\n3. Ajut\u0103 la pierderea \u00een greutate, acceler\u00e2nd metabolismul \u0219i regl\u00e2nd apetitul, fiind u\u0219or de digerat \u0219i asimilat, aliment\u00e2nd fibrele musculare cu substan\u021bele nutritive necesare pentru dezvoltarea \u0219i regenerarea acestora.&quot;}\" data-sheets-userformat=\"{&quot;2&quot;:513,&quot;3&quot;:{&quot;1&quot;:0},&quot;12&quot;:0}\">Increases endurance and energy levels during workouts, improving their results.<\/span><\/li>\n<li><span data-sheets-value=\"{&quot;1&quot;:2,&quot;2&quot;:&quot;Pro Whey este un concentrat proteic din zer, creat pentru a sprijini dezvoltarea, definirea \u0219i recuperarea musculaturii \u00een urma antrenamentelor. Contribuie la volumizarea fibrelor \u0219i celulelor musculare \u0219i la \u00eembun\u0103t\u0103\u021birea performan\u021belor, aliment\u00e2nd \u021besuturile musculare cu substan\u021be nutritive necesare pentru o dezvoltare s\u0103n\u0103toas\u0103.\\r\\n\\r\\nCe beneficii are Pro Whey\\r\\n-\\r\\n1. Accelereaz\u0103 procesul de sintez\u0103 proteic\u0103 din \u021besutul muscular, contribuind la dezvoltarea, definirea \u0219i recuperarea musculaturii.\\r\\n2. Cre\u0219te nivelul de anduran\u021b\u0103 \u0219i energie \u00een timpul antrenamentelor, \u00eembun\u0103t\u0103\u021bind rezultatele acestora.\\r\\n3. Ajut\u0103 la pierderea \u00een greutate, acceler\u00e2nd metabolismul \u0219i regl\u00e2nd apetitul, fiind u\u0219or de digerat \u0219i asimilat, aliment\u00e2nd fibrele musculare cu substan\u021bele nutritive necesare pentru dezvoltarea \u0219i regenerarea acestora.&quot;}\" data-sheets-userformat=\"{&quot;2&quot;:513,&quot;3&quot;:{&quot;1&quot;:0},&quot;12&quot;:0}\">It helps with weight loss, accelerating metabolism and regulating appetite, being easy to digest and assimilate, supplying muscle fibers with the nutrients necessary for their development and regeneration.<\/span><\/li>\n<\/ol>\n<p>Mix 1 scoop (38 g) of Pro Whey with 150 ml of water or milk. Serve in the morning, after training or anytime during the day to meet your daily protein needs.<\/p>\n<table class=\"nutrition-table\">\n<thead>\n<tr>\n<th>Nutritional value &#8211;<\/th>\n<th>38g<\/th>\n<\/tr>\n<\/thead>\n<tbody>\n<tr>\n<td>Energy Value<\/td>\n<td>149.7 Kcal (632.3 KJ)<\/td>\n<\/tr>\n<tr>\n<td>PROTEIN<\/td>\n<td>23.9g<\/td>\n<\/tr>\n<tr>\n<td>Carbohydrates<br \/>\nof which sugars<\/td>\n<td>6.7g<br \/>\n6.5g<\/td>\n<\/tr>\n<tr>\n<td>Fats<br \/>\nof which saturated fatty acids<\/td>\n<td>2.9g<br \/>\n2.1g<\/td>\n<\/tr>\n<tr>\n<td>fiber<\/td>\n<td>0.42g<\/td>\n<\/tr>\n<tr>\n<td>Sodium<\/td>\n<td>0.08g<\/td>\n<\/tr>\n<tr>\n<td>Calcium<\/td>\n<td>202 mg (25.2%*)<\/td>\n<\/tr>\n<tr>\n<td>Magnesium<\/td>\n<td>34mg (9%*)<\/td>\n<\/tr>\n<tr>\n<td>Phosphorus<\/td>\n<td>170mg (24.3%*)<\/td>\n<\/tr>\n<\/tbody>\n<\/table>\n<table class=\"nutrition-table\">\n<thead>\n<tr>\n<th><strong>Amino acid profile per serving<\/strong><\/th>\n<th><\/th>\n<\/tr>\n<\/thead>\n<tbody>\n<tr>\n<td>Leucine<\/td>\n<td>2490 mg<\/td>\n<\/tr>\n<tr>\n<td>Isoleucine<\/td>\n<td>1358 mg<\/td>\n<\/tr>\n<tr>\n<td>valine<\/td>\n<td>1306 mg<\/td>\n<\/tr>\n<tr>\n<td>Aspartic acid<\/td>\n<td>2542 mg<\/td>\n<\/tr>\n<tr>\n<td>Glutamic acid<\/td>\n<td>4092 mg<\/td>\n<\/tr>\n<tr>\n<td>Serine<\/td>\n<td>1271 mg<\/td>\n<\/tr>\n<tr>\n<td>glycine<\/td>\n<td>453 mg<\/td>\n<\/tr>\n<tr>\n<td>Histidine<\/td>\n<td>453 mg<\/td>\n<\/tr>\n<tr>\n<td>Arginine<\/td>\n<td>644 mg<\/td>\n<\/tr>\n<tr>\n<td>Threonine<\/td>\n<td>1741 mg<\/td>\n<\/tr>\n<tr>\n<td>Alanine<\/td>\n<td>1149 mg<\/td>\n<\/tr>\n<tr>\n<td>Proline<\/td>\n<td>1323 mg<\/td>\n<\/tr>\n<tr>\n<td>Tyrosine<\/td>\n<td>731 mg<\/td>\n<\/tr>\n<tr>\n<td>Methionine<\/td>\n<td>401 mg<\/td>\n<\/tr>\n<tr>\n<td>Cysteine<\/td>\n<td>557 mg<\/td>\n<\/tr>\n<tr>\n<td>Phenylalanine<\/td>\n<td>749 mg<\/td>\n<\/tr>\n<tr>\n<td>Lysine<\/td>\n<td>2159 mg<\/td>\n<\/tr>\n<tr>\n<td>Tryptophan<\/td>\n<td>331 mg<\/td>\n<\/tr>\n<tr>\n<td colspan=\"2\">*RDA &#8211; Recommended Daily Allowance<\/td>\n<\/tr>\n<\/tbody>\n<\/table>\n<p>&nbsp;<\/p>\n<p><strong>Storage and use conditions:<\/strong>\u00a0Store in a cool place, away from light, moisture and excessive heat. Use before the expiration date indicated on the package.<br \/>\n<strong>Allergens:<\/strong>\u00a0Milk product. May contain traces of potentially allergenic substances (egg, soy, gluten).<br \/>\n<strong>Warnings!<\/strong>\u00a0Food supplements do not replace a varied and balanced diet and a healthy lifestyle! Do not exceed the recommended daily dose! Keep out of the reach and sight of small children! Do not administer to children and women during pregnancy and breastfeeding.<\/p>","protected":false},"excerpt":{"rendered":"<p>Pro Whey is a whey protein concentrate, created to support muscle development, definition and recovery after training. It contributes to the volumization of muscle fibers and cells and to improve performance, supplying muscle tissues with nutrients necessary for healthy development.<\/p>","protected":false},"featured_media":2379,"template":"","meta":[],"product_cat":[134,135,139],"product_tag":[217],"berocket_brand":[212],"class_list":{"0":"post-2376","1":"product","2":"type-product","3":"status-publish","4":"has-post-thumbnail","6":"product_cat-isolate","7":"product_cat-whey","8":"product_cat-whey-isolate","9":"product_tag-whey-protein","10":"berocket_brand-pro-nutrition","11":"description-off","13":"first","14":"instock","15":"shipping-taxable","16":"product-type-variable"},"yoast_head":"<!-- This site is optimized with the Yoast SEO plugin v24.0 - https:\/\/yoast.com\/wordpress\/plugins\/seo\/ -->\n<title>PRO NUTRITION PRO WHEY 2KG - Wholesale Supplements Cy<\/title>\n<meta name=\"robots\" content=\"index, follow, max-snippet:-1, max-image-preview:large, max-video-preview:-1\" \/>\n<link rel=\"canonical\" href=\"https:\/\/wholesalesupplementscy.com\/ru\/product\/pro-nutrition-pro-whey-2kg\/\" \/>\n<meta property=\"og:locale\" content=\"ru_RU\" \/>\n<meta property=\"og:type\" content=\"article\" \/>\n<meta property=\"og:title\" content=\"PRO NUTRITION PRO WHEY 2KG - Wholesale Supplements Cy\" \/>\n<meta property=\"og:description\" content=\"Pro Whey is a whey protein concentrate, created to support muscle development, definition and recovery after training. It contributes to the volumization of muscle fibers and cells and to improve performance, supplying muscle tissues with nutrients necessary for healthy development.\" \/>\n<meta property=\"og:url\" content=\"https:\/\/wholesalesupplementscy.com\/ru\/product\/pro-nutrition-pro-whey-2kg\/\" \/>\n<meta property=\"og:site_name\" content=\"Wholesale Supplements Cy\" \/>\n<meta property=\"article:modified_time\" content=\"2025-03-28T16:55:03+00:00\" \/>\n<meta property=\"og:image\" content=\"https:\/\/wholesalesupplementscy.com\/wp-content\/uploads\/2024\/12\/PRO-WHEY-STRAWBERRY-1.jpg\" \/>\n\t<meta property=\"og:image:width\" content=\"1200\" \/>\n\t<meta property=\"og:image:height\" content=\"1200\" \/>\n\t<meta property=\"og:image:type\" content=\"image\/jpeg\" \/>\n<meta name=\"twitter:card\" content=\"summary_large_image\" \/>\n<meta name=\"twitter:label1\" content=\"\u041f\u0440\u0438\u043c\u0435\u0440\u043d\u043e\u0435 \u0432\u0440\u0435\u043c\u044f \u0434\u043b\u044f \u0447\u0442\u0435\u043d\u0438\u044f\" \/>\n\t<meta name=\"twitter:data1\" content=\"2 \u043c\u0438\u043d\u0443\u0442\u044b\" \/>\n<script type=\"application\/ld+json\" class=\"yoast-schema-graph\">{\"@context\":\"https:\/\/schema.org\",\"@graph\":[{\"@type\":\"WebPage\",\"@id\":\"https:\/\/wholesalesupplementscy.com\/product\/pro-nutrition-pro-whey-2kg\/\",\"url\":\"https:\/\/wholesalesupplementscy.com\/product\/pro-nutrition-pro-whey-2kg\/\",\"name\":\"PRO NUTRITION PRO WHEY 2KG - Wholesale Supplements Cy\",\"isPartOf\":{\"@id\":\"https:\/\/wholesalesupplementscy.com\/#website\"},\"primaryImageOfPage\":{\"@id\":\"https:\/\/wholesalesupplementscy.com\/product\/pro-nutrition-pro-whey-2kg\/#primaryimage\"},\"image\":{\"@id\":\"https:\/\/wholesalesupplementscy.com\/product\/pro-nutrition-pro-whey-2kg\/#primaryimage\"},\"thumbnailUrl\":\"https:\/\/wholesalesupplementscy.com\/wp-content\/uploads\/2024\/12\/PRO-WHEY-STRAWBERRY-1.jpg\",\"datePublished\":\"2024-12-10T16:42:25+00:00\",\"dateModified\":\"2025-03-28T16:55:03+00:00\",\"breadcrumb\":{\"@id\":\"https:\/\/wholesalesupplementscy.com\/product\/pro-nutrition-pro-whey-2kg\/#breadcrumb\"},\"inLanguage\":\"ru-RU\",\"potentialAction\":[{\"@type\":\"ReadAction\",\"target\":[\"https:\/\/wholesalesupplementscy.com\/product\/pro-nutrition-pro-whey-2kg\/\"]}]},{\"@type\":\"ImageObject\",\"inLanguage\":\"ru-RU\",\"@id\":\"https:\/\/wholesalesupplementscy.com\/product\/pro-nutrition-pro-whey-2kg\/#primaryimage\",\"url\":\"https:\/\/wholesalesupplementscy.com\/wp-content\/uploads\/2024\/12\/PRO-WHEY-STRAWBERRY-1.jpg\",\"contentUrl\":\"https:\/\/wholesalesupplementscy.com\/wp-content\/uploads\/2024\/12\/PRO-WHEY-STRAWBERRY-1.jpg\",\"width\":1200,\"height\":1200},{\"@type\":\"BreadcrumbList\",\"@id\":\"https:\/\/wholesalesupplementscy.com\/product\/pro-nutrition-pro-whey-2kg\/#breadcrumb\",\"itemListElement\":[{\"@type\":\"ListItem\",\"position\":1,\"name\":\"Home\",\"item\":\"https:\/\/wholesalesupplementscy.com\/\"},{\"@type\":\"ListItem\",\"position\":2,\"name\":\"Products\",\"item\":\"https:\/\/wholesalesupplementscy.com\/shop\/\"},{\"@type\":\"ListItem\",\"position\":3,\"name\":\"PRO NUTRITION PRO WHEY 2KG\"}]},{\"@type\":\"WebSite\",\"@id\":\"https:\/\/wholesalesupplementscy.com\/#website\",\"url\":\"https:\/\/wholesalesupplementscy.com\/\",\"name\":\"World of Supplements CY\",\"description\":\"Protein, Vitamins, Amino, Fat burners\",\"publisher\":{\"@id\":\"https:\/\/wholesalesupplementscy.com\/#organization\"},\"potentialAction\":[{\"@type\":\"SearchAction\",\"target\":{\"@type\":\"EntryPoint\",\"urlTemplate\":\"https:\/\/wholesalesupplementscy.com\/?s={search_term_string}\"},\"query-input\":{\"@type\":\"PropertyValueSpecification\",\"valueRequired\":true,\"valueName\":\"search_term_string\"}}],\"inLanguage\":\"ru-RU\"},{\"@type\":\"Organization\",\"@id\":\"https:\/\/wholesalesupplementscy.com\/#organization\",\"name\":\"World of Supplements CY\",\"url\":\"https:\/\/wholesalesupplementscy.com\/\",\"logo\":{\"@type\":\"ImageObject\",\"inLanguage\":\"ru-RU\",\"@id\":\"https:\/\/wholesalesupplementscy.com\/#\/schema\/logo\/image\/\",\"url\":\"https:\/\/www.worldofsupplements.eu\/wp-content\/uploads\/2024\/04\/world-of-supplements-logo-dark.png\",\"contentUrl\":\"https:\/\/www.worldofsupplements.eu\/wp-content\/uploads\/2024\/04\/world-of-supplements-logo-dark.png\",\"width\":340,\"height\":104,\"caption\":\"World of Supplements CY\"},\"image\":{\"@id\":\"https:\/\/wholesalesupplementscy.com\/#\/schema\/logo\/image\/\"},\"sameAs\":[\"https:\/\/www.instagram.com\/worldofsupplements_cy_seller\/\"]}]}<\/script>\n<!-- \/ Yoast SEO plugin. -->","yoast_head_json":{"title":"PRO NUTRITION PRO WHEY 2KG - Wholesale Supplements Cy","robots":{"index":"index","follow":"follow","max-snippet":"max-snippet:-1","max-image-preview":"max-image-preview:large","max-video-preview":"max-video-preview:-1"},"canonical":"https:\/\/wholesalesupplementscy.com\/ru\/product\/pro-nutrition-pro-whey-2kg\/","og_locale":"ru_RU","og_type":"article","og_title":"PRO NUTRITION PRO WHEY 2KG - Wholesale Supplements Cy","og_description":"Pro Whey is a whey protein concentrate, created to support muscle development, definition and recovery after training. It contributes to the volumization of muscle fibers and cells and to improve performance, supplying muscle tissues with nutrients necessary for healthy development.","og_url":"https:\/\/wholesalesupplementscy.com\/ru\/product\/pro-nutrition-pro-whey-2kg\/","og_site_name":"Wholesale Supplements Cy","article_modified_time":"2025-03-28T16:55:03+00:00","og_image":[{"width":1200,"height":1200,"url":"https:\/\/wholesalesupplementscy.com\/wp-content\/uploads\/2024\/12\/PRO-WHEY-STRAWBERRY-1.jpg","type":"image\/jpeg"}],"twitter_card":"summary_large_image","twitter_misc":{"\u041f\u0440\u0438\u043c\u0435\u0440\u043d\u043e\u0435 \u0432\u0440\u0435\u043c\u044f \u0434\u043b\u044f \u0447\u0442\u0435\u043d\u0438\u044f":"2 \u043c\u0438\u043d\u0443\u0442\u044b"},"schema":{"@context":"https:\/\/schema.org","@graph":[{"@type":"WebPage","@id":"https:\/\/wholesalesupplementscy.com\/product\/pro-nutrition-pro-whey-2kg\/","url":"https:\/\/wholesalesupplementscy.com\/product\/pro-nutrition-pro-whey-2kg\/","name":"PRO NUTRITION PRO WHEY 2KG - Wholesale Supplements Cy","isPartOf":{"@id":"https:\/\/wholesalesupplementscy.com\/#website"},"primaryImageOfPage":{"@id":"https:\/\/wholesalesupplementscy.com\/product\/pro-nutrition-pro-whey-2kg\/#primaryimage"},"image":{"@id":"https:\/\/wholesalesupplementscy.com\/product\/pro-nutrition-pro-whey-2kg\/#primaryimage"},"thumbnailUrl":"https:\/\/wholesalesupplementscy.com\/wp-content\/uploads\/2024\/12\/PRO-WHEY-STRAWBERRY-1.jpg","datePublished":"2024-12-10T16:42:25+00:00","dateModified":"2025-03-28T16:55:03+00:00","breadcrumb":{"@id":"https:\/\/wholesalesupplementscy.com\/product\/pro-nutrition-pro-whey-2kg\/#breadcrumb"},"inLanguage":"ru-RU","potentialAction":[{"@type":"ReadAction","target":["https:\/\/wholesalesupplementscy.com\/product\/pro-nutrition-pro-whey-2kg\/"]}]},{"@type":"ImageObject","inLanguage":"ru-RU","@id":"https:\/\/wholesalesupplementscy.com\/product\/pro-nutrition-pro-whey-2kg\/#primaryimage","url":"https:\/\/wholesalesupplementscy.com\/wp-content\/uploads\/2024\/12\/PRO-WHEY-STRAWBERRY-1.jpg","contentUrl":"https:\/\/wholesalesupplementscy.com\/wp-content\/uploads\/2024\/12\/PRO-WHEY-STRAWBERRY-1.jpg","width":1200,"height":1200},{"@type":"BreadcrumbList","@id":"https:\/\/wholesalesupplementscy.com\/product\/pro-nutrition-pro-whey-2kg\/#breadcrumb","itemListElement":[{"@type":"ListItem","position":1,"name":"Home","item":"https:\/\/wholesalesupplementscy.com\/"},{"@type":"ListItem","position":2,"name":"Products","item":"https:\/\/wholesalesupplementscy.com\/shop\/"},{"@type":"ListItem","position":3,"name":"PRO NUTRITION PRO WHEY 2KG"}]},{"@type":"WebSite","@id":"https:\/\/wholesalesupplementscy.com\/#website","url":"https:\/\/wholesalesupplementscy.com\/","name":"World of Supplements CY","description":"Protein, Vitamins, Amino, Fat burners","publisher":{"@id":"https:\/\/wholesalesupplementscy.com\/#organization"},"potentialAction":[{"@type":"SearchAction","target":{"@type":"EntryPoint","urlTemplate":"https:\/\/wholesalesupplementscy.com\/?s={search_term_string}"},"query-input":{"@type":"PropertyValueSpecification","valueRequired":true,"valueName":"search_term_string"}}],"inLanguage":"ru-RU"},{"@type":"Organization","@id":"https:\/\/wholesalesupplementscy.com\/#organization","name":"World of Supplements CY","url":"https:\/\/wholesalesupplementscy.com\/","logo":{"@type":"ImageObject","inLanguage":"ru-RU","@id":"https:\/\/wholesalesupplementscy.com\/#\/schema\/logo\/image\/","url":"https:\/\/www.worldofsupplements.eu\/wp-content\/uploads\/2024\/04\/world-of-supplements-logo-dark.png","contentUrl":"https:\/\/www.worldofsupplements.eu\/wp-content\/uploads\/2024\/04\/world-of-supplements-logo-dark.png","width":340,"height":104,"caption":"World of Supplements CY"},"image":{"@id":"https:\/\/wholesalesupplementscy.com\/#\/schema\/logo\/image\/"},"sameAs":["https:\/\/www.instagram.com\/worldofsupplements_cy_seller\/"]}]}},"tiered_pricing_type":"fixed","tiered_pricing_fixed_rules":[],"tiered_pricing_product_settings":{"layout":"default","base_unit_name":{"singular":null,"plural":null},"default_variation":null},"tiered_pricing_minimum_quantity":null,"tiered_pricing_roles_data":[],"tiered_pricing_percentage_rules":[],"_links":{"self":[{"href":"https:\/\/wholesalesupplementscy.com\/ru\/wp-json\/wp\/v2\/product\/2376","targetHints":{"allow":["GET"]}}],"collection":[{"href":"https:\/\/wholesalesupplementscy.com\/ru\/wp-json\/wp\/v2\/product"}],"about":[{"href":"https:\/\/wholesalesupplementscy.com\/ru\/wp-json\/wp\/v2\/types\/product"}],"wp:featuredmedia":[{"embeddable":true,"href":"https:\/\/wholesalesupplementscy.com\/ru\/wp-json\/wp\/v2\/media\/2379"}],"wp:attachment":[{"href":"https:\/\/wholesalesupplementscy.com\/ru\/wp-json\/wp\/v2\/media?parent=2376"}],"wp:term":[{"taxonomy":"product_cat","embeddable":true,"href":"https:\/\/wholesalesupplementscy.com\/ru\/wp-json\/wp\/v2\/product_cat?post=2376"},{"taxonomy":"product_tag","embeddable":true,"href":"https:\/\/wholesalesupplementscy.com\/ru\/wp-json\/wp\/v2\/product_tag?post=2376"},{"taxonomy":"berocket_brand","embeddable":true,"href":"https:\/\/wholesalesupplementscy.com\/ru\/wp-json\/wp\/v2\/berocket_brand?post=2376"}],"curies":[{"name":"wp","href":"https:\/\/api.w.org\/{rel}","templated":true}]}}